{"id":11,"date":"2015-11-03T15:53:38","date_gmt":"2015-11-03T20:53:38","guid":{"rendered":"https:\/\/test.eng.ufl.edu\/faculty-site\/?page_id=11"},"modified":"2026-02-10T11:15:03","modified_gmt":"2026-02-10T16:15:03","slug":"publications","status":"publish","type":"page","link":"https:\/\/faculty.eng.ufl.edu\/restrepo-pse-lab\/publications\/","title":{"rendered":"Publications"},"content":{"rendered":"<p>22. JM Restrepo-Fl\u00f3rez. Free-form metamaterials design with isotropic materials. Nature Computational Science, 1-2<\/p>\n<p>21. Rui Song, Guanshu Zhao, Juan Manuel Restrepo-Fl\u00f3rez, Camilo J Viasus P\u00e9rez, Zhijie Chen, Chaoqian Ai, Andrew Wang, Dengwei Jing, Athanasios A Tountas, Jiuli Guo, Chengliang Mao, Chaoran Li, Jiahui Shen, Guangming Cai, Chenyue Qiu, Jessica Ye, Yubin Fu, Chistos T Maravelias, Lu Wang, Junchuan Sun, Yang-Fan Xu, Zhao Li, Joel Yi Yang Loh, Nhat Truong Nguyen, Le He, Xiaohong Zhang, Geoffrey A Ozin. Ethylene production via photocatalytic dehydrogenation of ethane using LaMn<sub>1<\/sub><sub>\u2212<\/sub><sub><i>x<\/i><\/sub>Cu<sub><i>x<\/i><\/sub>O<sub>3. <\/sub>Nature Energy, 1-11<\/p>\n<p>20. Y Wu, JM Restrepo-Fl\u00f3rez, J Vasco-Correa. A Superstructure-Based Lignin Valorization Process Optimization Model for Lignocellulosic Biorefineries through Biological Upgrading. ACS Sustainable Chemistry &amp; Engineering 12 (18), 6913-6926<\/p>\n<p class=\"gsc_a_at\">19. Camilo J Viasus P\u00e9rez, Juan Manuel Restrepo-Florez, Jessica Ye, Nhat Truong Nguyen, Athanasios A Tountas, Rui Song, Chengliang Mao, Andrew Wang, Abdelaziz Gouda, Samantha Corapi, Shufang Ji, Hamish MacLeod, Jiaze Wu, Al\u00e1n Aspuru-Guzik, Christos T Maravelias, Geoffrey A Ozin. Carbon photochemistry: towards a solar reverse boudouard refinery. Energy &amp; Environmental Science 16 (12), 6155-6167<\/p>\n<p>18. Juan-Manuel Restrepo-Fl\u00f3rez, Paolo Cuello-Penaloza, Emmanuel Canales, Dustin Witkowski, David A Rothamer, George W Huber, Christos T Maravelias (2023). Ethanol to diesel: a sustainable alternative for the heavy-duty transportation sector. Sustainable Energy Fuels. (10.1039\/D2SE01377K)<\/p>\n<p>17. Restrepo-Fl\u00f3rez JM, Ryu J, D Witkowski, Rothamer D, Maravelias CT. (2022) A systems level analysis of ethanol upgrading biorefineries. Energy &amp; Environmental Science 15 (10), 4376-4388<\/p>\n<p>16. Restrepo-Fl\u00f3rez JM, Maravelias CT. (2021) Advanced fuels from ethanol \u2013 A superstructure optimization approach. Energy &amp; Environmental Science. 14: 493-506.<\/p>\n<p>15. Restrepo-Fl\u00f3rez JM, Maldovan M. (2019) Permeabilities and selectivities in anisotropic planar membranes for gas separations. Separation and Purification Technology. 228: 115762.<\/p>\n<p>14. Restrepo-Fl\u00f3rez JM, Maldovan M. (2019) Anisotropic membrane materials for gas separations AIChE Journal. 65: e16599.<\/p>\n<p>13. Restrepo-Fl\u00f3rez JM, Maldovan M. (2018) Breaking separation limits in membrane technology. Journal of Membrane Science. 566:301-306.<\/p>\n<p>12. Restrepo-Fl\u00f3rez JM, Maldovan M. (2017) Mass diffusion cloaking and focusing with metamaterials. Applied Physics Letters 111:071903.<\/p>\n<p>11. Restrepo-Fl\u00f3rez JM, Maldovan M. (2016) Metamaterial membranes. Journal of Physics D: Applied Physics. 50: 025104.<\/p>\n<p>10. Restrepo-Fl\u00f3rez JM, Maldovan M. (2016) Rational design of mass diffusion metamaterial concentrators based on coordinate transformations. Journal of Applied Physics 120:084902.<\/p>\n<p>9. Restrepo-Fl\u00f3rez JM, Maldovan M. (2016) Mass separation by metamaterials. Scientific Reports 6:21971.<\/p>\n<p>8. Restrepo-Fl\u00f3rez JM, JA Wood, Bassi A, Rehmann L, Thompson M. (2015) Effect of biodiesel on biofilm biodeterioration of linear low-density polyethylene in a simulated fuel storage tank. Journal of Energy Resources Technology 137, 032211.<\/p>\n<p>7. Restrepo-Fl\u00f3rez JM, Bassi A, Rehmann L, Thompson M. (2014) Investigation of biofilm formation on polyethylene in a diesel\/biodiesel fuel storage environment. Fuel 128, 240-247.<\/p>\n<p>6. Restrepo-Fl\u00f3rez JM, Bassi A, Thompson M. (2014) Microbial degradation and deterioration of polyethylene\u2013A review. International Biodegradation and Biodeterioration. 88:83-90.<\/p>\n<p>5. Restrepo-Fl\u00f3rez JM, Bassi A, Rehmann L, Thompson M. (2013) Effect of biodiesel addition on microbial community structure in a simulated fuel storage system. Bioresource Technology. 147:456-463.<\/p>\n<p>4. Ca\u00f1as-Guti\u00e9rrez G, Angarita-Vel\u00e1squez M, Restrepo-Fl\u00f3rez JM, Rodr\u00edguez P, Moreno C, Arango R. (2009) Analysis of the CYP51 gene and encoded protein in propiconazole-resistant isolates of Mycosphaerella fijiensis. Pest Management Science. 65:892-899.<\/p>\n<p>3. Zabala M, Angarita V, Restrepo JM, Caicedo LA, Perea M. (2009) Elicitation with methyl-jasmonate stimulates peruvoside production in cell suspension cultures of Thevetia peruviana. In Vitro Cellular &amp; Developmental Biology \u2013 Plant. 46:233-238.<\/p>\n<p>2. Zabala M, Aguirre A, Angarita V, Montoya C, Restrepo J. (2009) Aspectos ingenieriles del cultivo In-Vitro de c\u00e9lulas vegetales para la producci\u00f3n de metabolitos secundarios \u201cEngineering aspects of the in vitro plant cell culture for the production of secondary metabolites\u201d. DYNA, 76:109-121.<\/p>\n<p>1. Zabala M, Angarita V, Aguirre A, Restrepo J, Montoya C (2009) Estrategias para incrementar la producci\u00f3n de metabolitos secundarios en cultivos de c\u00e9lulas vegetales \u201cStrategies for the improvement of secondary metabolites production in plant cell cultures\u201d. Revista de la Facultad Nacional de Agronom\u00eda Sede Medell\u00edn. 62:4881-4895.<\/p>\n\n","protected":false},"excerpt":{"rendered":"<p>22. JM Restrepo-Fl\u00f3rez. Free-form metamaterials design with isotropic materials. Nature Computational Science, 1-2 21. Rui Song, Guanshu Zhao, Juan Manuel Restrepo-Fl\u00f3rez, Camilo J Viasus P\u00e9rez, Zhijie Chen, Chaoqian Ai, Andrew Wang, Dengwei Jing, Athanasios A Tountas, Jiuli Guo, Chengliang Mao, Chaoran Li, Jiahui Shen, Guangming Cai, Chenyue Qiu, Jessica Ye, Yubin Fu, Chistos T Maravelias, [&hellip;]<\/p>\n","protected":false},"author":0,"featured_media":0,"parent":0,"menu_order":4,"comment_status":"closed","ping_status":"closed","template":"page-templates\/page-sidebar-none.php","meta":{"_acf_changed":false,"inline_featured_image":false,"featured_post":"","footnotes":"","_links_to":"","_links_to_target":""},"class_list":["post-11","page","type-page","status-publish","hentry"],"acf":[],"_links":{"self":[{"href":"https:\/\/faculty.eng.ufl.edu\/restrepo-pse-lab\/wp-json\/wp\/v2\/pages\/11","targetHints":{"allow":["GET"]}}],"collection":[{"href":"https:\/\/faculty.eng.ufl.edu\/restrepo-pse-lab\/wp-json\/wp\/v2\/pages"}],"about":[{"href":"https:\/\/faculty.eng.ufl.edu\/restrepo-pse-lab\/wp-json\/wp\/v2\/types\/page"}],"replies":[{"embeddable":true,"href":"https:\/\/faculty.eng.ufl.edu\/restrepo-pse-lab\/wp-json\/wp\/v2\/comments?post=11"}],"version-history":[{"count":1,"href":"https:\/\/faculty.eng.ufl.edu\/restrepo-pse-lab\/wp-json\/wp\/v2\/pages\/11\/revisions"}],"predecessor-version":[{"id":477,"href":"https:\/\/faculty.eng.ufl.edu\/restrepo-pse-lab\/wp-json\/wp\/v2\/pages\/11\/revisions\/477"}],"wp:attachment":[{"href":"https:\/\/faculty.eng.ufl.edu\/restrepo-pse-lab\/wp-json\/wp\/v2\/media?parent=11"}],"curies":[{"name":"wp","href":"https:\/\/api.w.org\/{rel}","templated":true}]}}