{"id":984,"date":"2021-06-03T12:27:23","date_gmt":"2021-06-03T12:27:23","guid":{"rendered":"https:\/\/www.che.ufl.edu\/orazem\/?page_id=984"},"modified":"2025-01-31T15:43:36","modified_gmt":"2025-01-31T20:43:36","slug":"international-dissertation-committees","status":"publish","type":"page","link":"https:\/\/faculty.eng.ufl.edu\/orazem\/education-and-outreach\/international-dissertation-committees\/","title":{"rendered":"International Dissertation Committees"},"content":{"rendered":"\n<p>I have served as the external member of a number of international dissertation committees.<\/p>\n\n\n\n<ul class=\"wp-block-list\">\n<li>External Member, dissertation committee for G\u00f6kberk Kat\u0131rc\u0131, Department of Chemistry, Bilkent University, Ankara, Turkey, May 2024. Dissertation title: T<em>emperature-Dependent Electrochemical Impedance Spectroscopy (EIS) Of Lithium Thionyl Chloride And Li-Ion Batteries.<\/em><\/li>\n\n\n\n<li>Reporter, doctoral defense of Romain Haeffele, Institut National des Sciences Appliqu\u00e9es, l&#8217;Universit\u00e9 de Lyon, France, January 2024. Dissertation title: <em>Elaboration, Characterization, and Reliability of Copper-Copper Connections for the Assembly of Advanced Technology Microelectronic Devices.<\/em><\/li>\n\n\n\n<li>External Examiner, doctoral defense of Mengnan Guo, Department of Chemistry, Western University, London, Ontario, Canada, October, 2020. Dissertation title:\u00a0 <em>The Electrochemical and Corrosion Study of Copper for Nuclear Waste Containers under Deep Geological Disposal Conditions.<\/em><\/li>\n\n\n\n<li>\u00a0External Examiner, doctoral defense of Kathlyne Nelson, Department of Physics and Atmospheric Science, Dalhousie University, Halifax, Canada, September, 2017. Dissertation title:\u00a0\u00a0 <em>Studies of the Effects of High Voltage on the Performance and Impedance of Lithium-Ion Batteries.<\/em><\/li>\n\n\n\n<li>\u00a0Chief Opponent, doctoral defense of Morten Tjelta, Department of Chemistry, Norwegian University of Science and Technology (NTNU), Trondheim, Norway, October 2013. Dissertation title: <em>Electrochemical and Photoelectrochemical Characterization of Porous Semiconducting Electrodes.<\/em><\/li>\n\n\n\n<li>\u00a0External Member of the Jury, doctoral defense of Jean-Baptiste Jorcin, Department of Materials Science, Institut National Polytechnique de Toulouse, Toulouse, France, March 2007. Dissertation title:\u00a0 <em>Spectroscopie d\u2019Impedance Electrochimique Locale\u00a0: Caracterisation de la Delaminination des Peintures et de la Corrosion des Alliages Al-Cu<\/em><\/li>\n\n\n\n<li>\u00a0Chief Opponent, doctoral defense of Els Van Gheem, Department of Materials Science, Vrije Universiteit Brussel Pleinlaan, Brussels, Belgium, June 2005. Dissertation title:\u00a0\u00a0 <em>A New Methodology for Electrochemical Impedance Spectroscopy in the Presence of Nonlinear Distortions and Non-Stationary Behaviour: Application to Pitting Corrosion of Aluminium.<\/em><\/li>\n\n\n\n<li>\u00a0Reporter, doctoral defense of Genevieve Baril, Department of Materials Science, Institut National Polytechnique de Toulouse, Toulouse, France, November 2001. Dissertation title:\u00a0 <em>Etude par Spectroscopie d\u2019Impedance Electrochinique des Mecanismes de Corrosion des Alliages de magnesium AM50, AZ91 et du Magnesium Pur en Milieu Na<sub>2<\/sub>SO<sub>4<\/sub>.<\/em><\/li>\n\n\n\n<li>\u00a0Reporter, doctoral defense of Rene Anta~no Lopez, Laboratoire Interfaces et Systemes Electrochimiques, Universite Pierre et Marie Curie, Paris, France, November 2001. Dissertation title:\u00a0 <em>Sur Une Nouvelle Methode de Caracterisation des Processus Faradiques a Partir de Leur Couplage avec La Capacite de la Double Couche.<\/em><\/li>\n<\/ul>\n","protected":false},"excerpt":{"rendered":"<p>I have served as the external member of a number of international dissertation committees.<\/p>\n","protected":false},"author":468,"featured_media":0,"parent":94,"menu_order":3,"comment_status":"closed","ping_status":"closed","template":"page-templates\/page-section-nav.php","meta":{"_acf_changed":false,"inline_featured_image":false,"featured_post":"","footnotes":"","_links_to":"","_links_to_target":""},"class_list":["post-984","page","type-page","status-publish","hentry"],"acf":[],"_links":{"self":[{"href":"https:\/\/faculty.eng.ufl.edu\/orazem\/wp-json\/wp\/v2\/pages\/984","targetHints":{"allow":["GET"]}}],"collection":[{"href":"https:\/\/faculty.eng.ufl.edu\/orazem\/wp-json\/wp\/v2\/pages"}],"about":[{"href":"https:\/\/faculty.eng.ufl.edu\/orazem\/wp-json\/wp\/v2\/types\/page"}],"author":[{"embeddable":true,"href":"https:\/\/faculty.eng.ufl.edu\/orazem\/wp-json\/wp\/v2\/users\/468"}],"replies":[{"embeddable":true,"href":"https:\/\/faculty.eng.ufl.edu\/orazem\/wp-json\/wp\/v2\/comments?post=984"}],"version-history":[{"count":2,"href":"https:\/\/faculty.eng.ufl.edu\/orazem\/wp-json\/wp\/v2\/pages\/984\/revisions"}],"predecessor-version":[{"id":2201,"href":"https:\/\/faculty.eng.ufl.edu\/orazem\/wp-json\/wp\/v2\/pages\/984\/revisions\/2201"}],"up":[{"embeddable":true,"href":"https:\/\/faculty.eng.ufl.edu\/orazem\/wp-json\/wp\/v2\/pages\/94"}],"wp:attachment":[{"href":"https:\/\/faculty.eng.ufl.edu\/orazem\/wp-json\/wp\/v2\/media?parent=984"}],"curies":[{"name":"wp","href":"https:\/\/api.w.org\/{rel}","templated":true}]}}