{"id":1066,"date":"2021-06-04T12:47:38","date_gmt":"2021-06-04T12:47:38","guid":{"rendered":"https:\/\/www.che.ufl.edu\/orazem\/?page_id=1066"},"modified":"2026-04-06T14:54:13","modified_gmt":"2026-04-06T19:54:13","slug":"current-group-members","status":"publish","type":"page","link":"https:\/\/faculty.eng.ufl.edu\/orazem\/research\/current-group-members\/","title":{"rendered":"Current Group Members"},"content":{"rendered":"\n<figure class=\"wp-block-image size-large\"><img loading=\"lazy\" decoding=\"async\" width=\"1024\" height=\"682\" src=\"https:\/\/faculty.eng.ufl.edu\/orazem\/wp-content\/uploads\/sites\/557\/2025\/02\/IMG_0851-scaled-cropped-1024x682.jpg\" alt=\"photograph of the Orazem research group taken on February 10, 2025\" class=\"wp-image-2685\" srcset=\"https:\/\/faculty.eng.ufl.edu\/orazem\/wp-content\/uploads\/sites\/557\/2025\/02\/IMG_0851-scaled-cropped-1024x682.jpg 1024w, https:\/\/faculty.eng.ufl.edu\/orazem\/wp-content\/uploads\/sites\/557\/2025\/02\/IMG_0851-scaled-cropped-300x200.jpg 300w, https:\/\/faculty.eng.ufl.edu\/orazem\/wp-content\/uploads\/sites\/557\/2025\/02\/IMG_0851-scaled-cropped-768x512.jpg 768w, https:\/\/faculty.eng.ufl.edu\/orazem\/wp-content\/uploads\/sites\/557\/2025\/02\/IMG_0851-scaled-cropped-1536x1023.jpg 1536w, https:\/\/faculty.eng.ufl.edu\/orazem\/wp-content\/uploads\/sites\/557\/2025\/02\/IMG_0851-scaled-cropped.jpg 1839w\" sizes=\"auto, (max-width: 1024px) 100vw, 1024px\" \/><\/figure>\n\n\n\n<p class=\"has-text-align-left\">Photo taken by Ada Lang on February 10, 2025 in front of the chemical engineering building.<br>Left to Right. Cynthia Eluagu (PhD), Conan Hooker Humphries (UG), Daniel Avalos (UG), Danielle Loftis (PhD), Mark Orazem (PI), Bernard Biney (PhD), Yunhan Chuai (PhD), Kelsey Sinclair (PhD),  Brooke Erickson (UG)<br><\/p>\n\n\n\n<div style=\"height:20px\" aria-hidden=\"true\" class=\"wp-block-spacer\"><\/div>\n\n\n\n<h2 class=\"wp-block-heading\">Advisor<\/h2>\n\n\n\n<div class=\"wp-block-columns is-layout-flex wp-container-core-columns-is-layout-9d6595d7 wp-block-columns-is-layout-flex\">\n<div class=\"wp-block-column is-layout-flow wp-block-column-is-layout-flow\" style=\"flex-basis:33.33%\">\n<figure class=\"wp-block-image size-large\"><img loading=\"lazy\" decoding=\"async\" width=\"992\" height=\"1024\" src=\"https:\/\/faculty.eng.ufl.edu\/orazem\/wp-content\/uploads\/sites\/557\/2025\/03\/Mark-and-Alberta-cropped-992x1024.jpg\" alt=\"photograph of Prof. Mark E. Orazem and Alberta, the UF mascot.\" class=\"wp-image-2831\" srcset=\"https:\/\/faculty.eng.ufl.edu\/orazem\/wp-content\/uploads\/sites\/557\/2025\/03\/Mark-and-Alberta-cropped-992x1024.jpg 992w, https:\/\/faculty.eng.ufl.edu\/orazem\/wp-content\/uploads\/sites\/557\/2025\/03\/Mark-and-Alberta-cropped-291x300.jpg 291w, https:\/\/faculty.eng.ufl.edu\/orazem\/wp-content\/uploads\/sites\/557\/2025\/03\/Mark-and-Alberta-cropped-768x793.jpg 768w, https:\/\/faculty.eng.ufl.edu\/orazem\/wp-content\/uploads\/sites\/557\/2025\/03\/Mark-and-Alberta-cropped-1488x1536.jpg 1488w, https:\/\/faculty.eng.ufl.edu\/orazem\/wp-content\/uploads\/sites\/557\/2025\/03\/Mark-and-Alberta-cropped-1984x2048.jpg 1984w, https:\/\/faculty.eng.ufl.edu\/orazem\/wp-content\/uploads\/sites\/557\/2025\/03\/Mark-and-Alberta-cropped.jpg 2000w\" sizes=\"auto, (max-width: 992px) 100vw, 992px\" \/><\/figure>\n<\/div>\n\n\n\n<div class=\"wp-block-column is-layout-flow wp-block-column-is-layout-flow\" style=\"flex-basis:66.66%\">\n<p><strong>Mark E. Orazem<\/strong><br>Distinguished Professor<br>Associate Chair for Graduate Studies<br>William P. and Tracy Cirioli Professor of Chemical Engineering<br><a href=\"mailto:morazem@che.ufl.edu\">morazem@che.ufl.edu<\/a><br><a href=\"https:\/\/www.linkedin.com\/in\/mark-orazem\/\" target=\"_blank\" rel=\"noreferrer noopener\">LinkedIn<\/a><\/p>\n\n\n\n<p>BS 1976 Chemical Engineering, Kansas State University<br>MS 1978 Chemical Engineering, Kansas State University, with <a href=\"https:\/\/che.k-state.edu\/about\/people\/faculty\/erickson\/\" target=\"_blank\" rel=\"noreferrer noopener\">Larry Erickson<\/a><br>PhD 1983 Chemical Engineering, University of California, Berkeley, with <a href=\"https:\/\/chemistry.berkeley.edu\/people\/john-s-newman\" target=\"_blank\" rel=\"noreferrer noopener\">John Newman<\/a><\/p>\n\n\n\n<p>Photo taken with <a href=\"https:\/\/en.wikipedia.org\/wiki\/Albert_and_Alberta_Gator\" target=\"_blank\" rel=\"noreferrer noopener\">Alberta Gator<\/a><\/p>\n\n\n\n<p>Fun Fact: I love writing, especially books. I am attracted to Florida by its wildlife, including birds and even alligators.<\/p>\n<\/div>\n<\/div>\n\n\n\n<h2 class=\"wp-block-heading\">Doctoral Students<\/h2>\n\n\n\n<p><br><\/p>\n\n\n\n<p><\/p>\n\n\n\n<div class=\"wp-block-columns is-layout-flex wp-container-core-columns-is-layout-9d6595d7 wp-block-columns-is-layout-flex\">\n<div class=\"wp-block-column is-layout-flow wp-block-column-is-layout-flow\" style=\"flex-basis:33.33%\">\n<figure class=\"wp-block-image size-large\"><img loading=\"lazy\" decoding=\"async\" width=\"994\" height=\"1024\" src=\"https:\/\/faculty.eng.ufl.edu\/orazem\/wp-content\/uploads\/sites\/557\/2025\/02\/IMG_0875-scaled-1-994x1024.jpg\" alt=\"photograph of Orazem doctoral graduate student Bernard Biney.\" class=\"wp-image-2661\" srcset=\"https:\/\/faculty.eng.ufl.edu\/orazem\/wp-content\/uploads\/sites\/557\/2025\/02\/IMG_0875-scaled-1-994x1024.jpg 994w, https:\/\/faculty.eng.ufl.edu\/orazem\/wp-content\/uploads\/sites\/557\/2025\/02\/IMG_0875-scaled-1-291x300.jpg 291w, https:\/\/faculty.eng.ufl.edu\/orazem\/wp-content\/uploads\/sites\/557\/2025\/02\/IMG_0875-scaled-1-768x791.jpg 768w, https:\/\/faculty.eng.ufl.edu\/orazem\/wp-content\/uploads\/sites\/557\/2025\/02\/IMG_0875-scaled-1-1491x1536.jpg 1491w, https:\/\/faculty.eng.ufl.edu\/orazem\/wp-content\/uploads\/sites\/557\/2025\/02\/IMG_0875-scaled-1.jpg 1940w\" sizes=\"auto, (max-width: 994px) 100vw, 994px\" \/><\/figure>\n<\/div>\n\n\n\n<div class=\"wp-block-column is-layout-flow wp-block-column-is-layout-flow\" style=\"flex-basis:66.66%\">\n<p><strong>Bernard W. Biney<\/strong><br><a href=\"mailto:bernardbiney@ufl.edu\">bernardbiney@ufl.edu<\/a><br><a href=\"https:\/\/www.linkedin.com\/in\/bernard-w-biney-038835a2\/\" target=\"_blank\" rel=\"noreferrer noopener\">LinkedIn<\/a><br>Topic: Electrochemical Models for Deep-Brain Stimulation<br>Sponsor: NIH<\/p>\n\n\n\n<p>MS 2022, Chemical Engineering and Technology, China University of Petroleum, Qingdao, China<br>BSc 2018, Petrochemical Engineering, College of Engineering (KNUST), Kumasi, Ghana.<br>Work Experience<br>2018-2019: Soci\u00e9t\u00e9 G\u00e9n\u00e9rale \u2013 Global Transaction Banking Intern<br>2017: Tullow Oil Plc \u2013 Project Management and Engineering Intern<\/p>\n\n\n\n<p>Fun fact: I enjoy playing tennis, watching thrillers, and cooking new recipes<\/p>\n<\/div>\n<\/div>\n\n\n\n<div style=\"height:20px\" aria-hidden=\"true\" class=\"wp-block-spacer\"><\/div>\n\n\n\n<div class=\"wp-block-columns is-layout-flex wp-container-core-columns-is-layout-9d6595d7 wp-block-columns-is-layout-flex\">\n<div class=\"wp-block-column is-layout-flow wp-block-column-is-layout-flow\" style=\"flex-basis:33.33%\">\n<figure class=\"wp-block-image size-large\"><img loading=\"lazy\" decoding=\"async\" width=\"1024\" height=\"1014\" src=\"https:\/\/faculty.eng.ufl.edu\/orazem\/wp-content\/uploads\/sites\/557\/2025\/02\/IMG_0868-scaled-1-1024x1014.jpg\" alt=\"photograph of Orazem doctoral graduate student BYunhan Chuai.\" class=\"wp-image-2657\" srcset=\"https:\/\/faculty.eng.ufl.edu\/orazem\/wp-content\/uploads\/sites\/557\/2025\/02\/IMG_0868-scaled-1-1024x1014.jpg 1024w, https:\/\/faculty.eng.ufl.edu\/orazem\/wp-content\/uploads\/sites\/557\/2025\/02\/IMG_0868-scaled-1-300x297.jpg 300w, https:\/\/faculty.eng.ufl.edu\/orazem\/wp-content\/uploads\/sites\/557\/2025\/02\/IMG_0868-scaled-1-150x150.jpg 150w, https:\/\/faculty.eng.ufl.edu\/orazem\/wp-content\/uploads\/sites\/557\/2025\/02\/IMG_0868-scaled-1-768x760.jpg 768w, https:\/\/faculty.eng.ufl.edu\/orazem\/wp-content\/uploads\/sites\/557\/2025\/02\/IMG_0868-scaled-1-1536x1521.jpg 1536w, https:\/\/faculty.eng.ufl.edu\/orazem\/wp-content\/uploads\/sites\/557\/2025\/02\/IMG_0868-scaled-1.jpg 2020w\" sizes=\"auto, (max-width: 1024px) 100vw, 1024px\" \/><\/figure>\n<\/div>\n\n\n\n<div class=\"wp-block-column is-layout-flow wp-block-column-is-layout-flow\" style=\"flex-basis:66.66%\">\n<p><strong>Yunhan Chuai<\/strong><br><a href=\"yunhanchuai@ufl.edu\" data-type=\"link\" data-id=\"yunhanchuai@ufl.edu\">yunhanchuai@ufl.edu<\/a><br><a href=\"https:\/\/www.linkedin.com\/in\/yunhan-chuai-459545222\/\" target=\"_blank\" rel=\"noreferrer noopener\">LinkedIn<\/a><br>Topic: COMSOL finite-element model of copper corrosion in nuclear waste repositories.<br>Sponsor: NWMO, Canada<\/p>\n\n\n\n<p>BS 2020 Chemical Engineering, China University of Petroleum-Beijing, Beijing, China,<br>MS 2022 Chemical Engineering, University of Florida.<\/p>\n\n\n\n<p>Fun fact: Love reading, music, playing table tennis, and keeping pets<\/p>\n<\/div>\n<\/div>\n\n\n\n\n\n<div style=\"height:20px\" aria-hidden=\"true\" class=\"wp-block-spacer\"><\/div>\n\n\n\n\n\n<div class=\"wp-block-columns is-layout-flex wp-container-core-columns-is-layout-9d6595d7 wp-block-columns-is-layout-flex\">\n<div class=\"wp-block-column is-layout-flow wp-block-column-is-layout-flow\" style=\"flex-basis:33.33%\">\n<figure class=\"wp-block-image size-large\"><img loading=\"lazy\" decoding=\"async\" width=\"956\" height=\"1024\" src=\"https:\/\/faculty.eng.ufl.edu\/orazem\/wp-content\/uploads\/sites\/557\/2025\/02\/IMG_0859-scaled-1-956x1024.jpg\" alt=\"photograph of co-advised doctoral graduate student Danielle Loftis.\" class=\"wp-image-2651\" srcset=\"https:\/\/faculty.eng.ufl.edu\/orazem\/wp-content\/uploads\/sites\/557\/2025\/02\/IMG_0859-scaled-1-956x1024.jpg 956w, https:\/\/faculty.eng.ufl.edu\/orazem\/wp-content\/uploads\/sites\/557\/2025\/02\/IMG_0859-scaled-1-280x300.jpg 280w, https:\/\/faculty.eng.ufl.edu\/orazem\/wp-content\/uploads\/sites\/557\/2025\/02\/IMG_0859-scaled-1-768x823.jpg 768w, https:\/\/faculty.eng.ufl.edu\/orazem\/wp-content\/uploads\/sites\/557\/2025\/02\/IMG_0859-scaled-1-1434x1536.jpg 1434w, https:\/\/faculty.eng.ufl.edu\/orazem\/wp-content\/uploads\/sites\/557\/2025\/02\/IMG_0859-scaled-1.jpg 1867w\" sizes=\"auto, (max-width: 956px) 100vw, 956px\" \/><\/figure>\n<\/div>\n\n\n\n<div class=\"wp-block-column is-layout-flow wp-block-column-is-layout-flow\" style=\"flex-basis:66.66%\">\n<p><strong>Danielle Loftis<\/strong><br><a href=\"mailto:dloftis@ufl.edu\">dloftis@ufl.edu<\/a><br><a href=\"https:\/\/www.linkedin.com\/in\/daniellelloftis\/\" target=\"_blank\" rel=\"noreferrer noopener\">LinkedIn<\/a><br>Topic: Dielectric Spectroscopy (co-advised with Prof. Joshua Moon)<\/p>\n\n\n\n<p>BS 2023 Chemical Engineering, Colorado School of Mines<\/p>\n\n\n\n<p>Fun fact: I like hiking\/walking, puzzles, and reading books in my free time<\/p>\n<\/div>\n\n\n\n<div class=\"wp-block-column is-layout-flow wp-block-column-is-layout-flow\"><\/div>\n<\/div>\n\n\n\n\n\n<div class=\"wp-block-columns is-layout-flex wp-container-core-columns-is-layout-9d6595d7 wp-block-columns-is-layout-flex\">\n<div class=\"wp-block-column is-layout-flow wp-block-column-is-layout-flow\" style=\"flex-basis:33.33%\">\n<figure class=\"wp-block-image size-large\"><img loading=\"lazy\" decoding=\"async\" width=\"963\" height=\"1024\" src=\"https:\/\/faculty.eng.ufl.edu\/orazem\/wp-content\/uploads\/sites\/557\/2025\/02\/IMG_0865-scaled2-963x1024.jpg\" alt=\"photograph of doctoral graduate student Kelsey Sinclair.\" class=\"wp-image-2689\" srcset=\"https:\/\/faculty.eng.ufl.edu\/orazem\/wp-content\/uploads\/sites\/557\/2025\/02\/IMG_0865-scaled2-963x1024.jpg 963w, https:\/\/faculty.eng.ufl.edu\/orazem\/wp-content\/uploads\/sites\/557\/2025\/02\/IMG_0865-scaled2-282x300.jpg 282w, https:\/\/faculty.eng.ufl.edu\/orazem\/wp-content\/uploads\/sites\/557\/2025\/02\/IMG_0865-scaled2-768x817.jpg 768w, https:\/\/faculty.eng.ufl.edu\/orazem\/wp-content\/uploads\/sites\/557\/2025\/02\/IMG_0865-scaled2.jpg 1128w\" sizes=\"auto, (max-width: 963px) 100vw, 963px\" \/><\/figure>\n<\/div>\n\n\n\n<div class=\"wp-block-column is-layout-flow wp-block-column-is-layout-flow\" style=\"flex-basis:66.66%\">\n<p><strong>Kelsey Ariel Sinclair<\/strong><br><a href=\"mailto:kelseysinclair@ufl.edu\">kelseysinclair@ufl.edu<\/a> <br><a href=\"https:\/\/www.linkedin.com\/in\/kelsey-sinclair\/\" target=\"_blank\" rel=\"noreferrer noopener\">LinkedIn<\/a><br>Topic: Ultramicroelectrodes for neural stimulation, Advised by Prof. Joshua Wong, Department of Neurology.<br>Sponsor: NIH and GEM Fellowship.<\/p>\n\n\n\n<p>BS 2020 Biology, Florida Gulf Coast University<br>MS 2023 Biomedical Engineering, University of Florida.<\/p>\n\n\n\n<p>Fun fact: I discovered a planet and an eclipsing binary (twin star system).<\/p>\n<\/div>\n<\/div>\n\n\n\n<div style=\"height:20px\" aria-hidden=\"true\" class=\"wp-block-spacer\"><\/div>\n\n\n\n<div style=\"height:20px\" aria-hidden=\"true\" class=\"wp-block-spacer\"><\/div>\n\n\n\n<h2 class=\"wp-block-heading\">Undergraduate Students<\/h2>\n\n\n\n<p><\/p>\n\n\n\n<div class=\"wp-block-columns is-layout-flex wp-container-core-columns-is-layout-9d6595d7 wp-block-columns-is-layout-flex\">\n<div class=\"wp-block-column is-layout-flow wp-block-column-is-layout-flow\" style=\"flex-basis:33.33%\">\n<figure class=\"wp-block-image size-large\"><img loading=\"lazy\" decoding=\"async\" width=\"1024\" height=\"1014\" src=\"https:\/\/faculty.eng.ufl.edu\/orazem\/wp-content\/uploads\/sites\/557\/2025\/02\/IMG_0862-scaled-1-1024x1014.jpg\" alt=\"photograph of Orazem undergraduate student Daniel Avalos.\" class=\"wp-image-2681\" srcset=\"https:\/\/faculty.eng.ufl.edu\/orazem\/wp-content\/uploads\/sites\/557\/2025\/02\/IMG_0862-scaled-1-1024x1014.jpg 1024w, https:\/\/faculty.eng.ufl.edu\/orazem\/wp-content\/uploads\/sites\/557\/2025\/02\/IMG_0862-scaled-1-300x297.jpg 300w, https:\/\/faculty.eng.ufl.edu\/orazem\/wp-content\/uploads\/sites\/557\/2025\/02\/IMG_0862-scaled-1-150x150.jpg 150w, https:\/\/faculty.eng.ufl.edu\/orazem\/wp-content\/uploads\/sites\/557\/2025\/02\/IMG_0862-scaled-1-768x761.jpg 768w, https:\/\/faculty.eng.ufl.edu\/orazem\/wp-content\/uploads\/sites\/557\/2025\/02\/IMG_0862-scaled-1-1536x1522.jpg 1536w, https:\/\/faculty.eng.ufl.edu\/orazem\/wp-content\/uploads\/sites\/557\/2025\/02\/IMG_0862-scaled-1.jpg 2019w\" sizes=\"auto, (max-width: 1024px) 100vw, 1024px\" \/><\/figure>\n<\/div>\n\n\n\n<div class=\"wp-block-column is-layout-flow wp-block-column-is-layout-flow\" style=\"flex-basis:66.66%\">\n<p><strong>Daniel Avalos<\/strong><br><a href=\"mailto:davalosaday@ufl.edu\">davalosaday@ufl.edu<\/a><br><a href=\"https:\/\/www.linkedin.com\/in\/daniel-avalos-aday-445318237\/\" target=\"_blank\" rel=\"noreferrer noopener\">LinkedIn<\/a><\/p>\n\n\n\n<p>Expected Graduation Date: Spring 2027<br>Major: Chemical Engineering<br>Minor: Biomolecular Engineering<\/p>\n\n\n\n<p>Fun Fact: I was born in Toronto, but I grew up in Miami<\/p>\n<\/div>\n<\/div>\n\n\n\n<h2 class=\"wp-block-heading\">Recent Graduates<\/h2>\n\n\n\n<div style=\"height:20px\" aria-hidden=\"true\" class=\"wp-block-spacer\"><\/div>\n\n\n\n<div class=\"wp-block-columns is-layout-flex wp-container-core-columns-is-layout-9d6595d7 wp-block-columns-is-layout-flex\">\n<div class=\"wp-block-column is-layout-flow wp-block-column-is-layout-flow\" style=\"flex-basis:33.33%\">\n<figure class=\"wp-block-image size-large\"><img loading=\"lazy\" decoding=\"async\" width=\"947\" height=\"1024\" src=\"https:\/\/faculty.eng.ufl.edu\/orazem\/wp-content\/uploads\/sites\/557\/2025\/02\/IMG_0884-scaled-1-947x1024.jpg\" alt=\"photograph of recent graduate Brooke Erickson\" class=\"wp-image-2673\" srcset=\"https:\/\/faculty.eng.ufl.edu\/orazem\/wp-content\/uploads\/sites\/557\/2025\/02\/IMG_0884-scaled-1-947x1024.jpg 947w, https:\/\/faculty.eng.ufl.edu\/orazem\/wp-content\/uploads\/sites\/557\/2025\/02\/IMG_0884-scaled-1-278x300.jpg 278w, https:\/\/faculty.eng.ufl.edu\/orazem\/wp-content\/uploads\/sites\/557\/2025\/02\/IMG_0884-scaled-1-768x830.jpg 768w, https:\/\/faculty.eng.ufl.edu\/orazem\/wp-content\/uploads\/sites\/557\/2025\/02\/IMG_0884-scaled-1-1421x1536.jpg 1421w, https:\/\/faculty.eng.ufl.edu\/orazem\/wp-content\/uploads\/sites\/557\/2025\/02\/IMG_0884-scaled-1.jpg 1850w\" sizes=\"auto, (max-width: 947px) 100vw, 947px\" \/><\/figure>\n<\/div>\n\n\n\n<div class=\"wp-block-column is-layout-flow wp-block-column-is-layout-flow\" style=\"flex-basis:66.66%\">\n<p><strong>Brooke Erickson<\/strong><br><a href=\"mailto:brooke.erickson@ufl.edu\">brooke.erickson@ufl.edu<\/a><br><a href=\"https:\/\/www.linkedin.com\/in\/brookeerickson2024\/\" target=\"_blank\" rel=\"noreferrer noopener\">LinkedIn<\/a><\/p>\n\n\n\n<p>Starlink Engineer<\/p>\n\n\n\n<p>BS Graduation: Spring 2025<br>Major: Chemical Engineering<br>Minor: Electrical Engineering<\/p>\n\n\n\n<p>Fun Fact: I enjoy playing the violin in my free time.<\/p>\n<\/div>\n<\/div>\n\n\n\n<div style=\"height:20px\" aria-hidden=\"true\" class=\"wp-block-spacer\"><\/div>\n\n\n\n<p><\/p>\n\n\n\n<div style=\"height:20px\" aria-hidden=\"true\" class=\"wp-block-spacer\"><\/div>\n\n\n\n<div class=\"wp-block-columns is-layout-flex wp-container-core-columns-is-layout-9d6595d7 wp-block-columns-is-layout-flex\">\n<div class=\"wp-block-column is-layout-flow wp-block-column-is-layout-flow\" style=\"flex-basis:33.33%\">\n<figure class=\"wp-block-image size-large\"><img loading=\"lazy\" decoding=\"async\" width=\"922\" height=\"1024\" src=\"https:\/\/faculty.eng.ufl.edu\/orazem\/wp-content\/uploads\/sites\/557\/2025\/02\/IMG_0879-scaled-1-922x1024.jpg\" alt=\"photograph of recent graduate Conan Humphries\" class=\"wp-image-2677\" srcset=\"https:\/\/faculty.eng.ufl.edu\/orazem\/wp-content\/uploads\/sites\/557\/2025\/02\/IMG_0879-scaled-1-922x1024.jpg 922w, https:\/\/faculty.eng.ufl.edu\/orazem\/wp-content\/uploads\/sites\/557\/2025\/02\/IMG_0879-scaled-1-270x300.jpg 270w, https:\/\/faculty.eng.ufl.edu\/orazem\/wp-content\/uploads\/sites\/557\/2025\/02\/IMG_0879-scaled-1-768x853.jpg 768w, https:\/\/faculty.eng.ufl.edu\/orazem\/wp-content\/uploads\/sites\/557\/2025\/02\/IMG_0879-scaled-1-1383x1536.jpg 1383w, https:\/\/faculty.eng.ufl.edu\/orazem\/wp-content\/uploads\/sites\/557\/2025\/02\/IMG_0879-scaled-1.jpg 1801w\" sizes=\"auto, (max-width: 922px) 100vw, 922px\" \/><\/figure>\n<\/div>\n\n\n\n<div class=\"wp-block-column is-layout-flow wp-block-column-is-layout-flow\" style=\"flex-basis:66.66%\">\n<p><strong>Conan H. Humphries<\/strong><br><a href=\"mailto:conan.hookerhump@ufl.edu\">conan.hookerhump@ufl.edu<\/a><br><a href=\"https:\/\/www.linkedin.com\/in\/conan-hooker-humphries\/\" target=\"_blank\" rel=\"noreferrer noopener\">LinkedIn<\/a><\/p>\n\n\n\n<p>Graduate Student, Penn State University<\/p>\n\n\n\n<p>BS Graduation: Spring 2025<br>Major: Chemical Engineering<br>Minor: Computer Science &amp; Engineering<\/p>\n\n\n\n<p>Fun Fact: I am passionate about traveling and have lived in or visited nearly 20 countries.<\/p>\n<\/div>\n<\/div>\n","protected":false},"excerpt":{"rendered":"<p>Photo taken by Ada Lang on February 10, 2025 in front of the chemical engineering building.Left to Right. Cynthia Eluagu (PhD), Conan Hooker Humphries (UG), Daniel Avalos (UG), Danielle Loftis (PhD), Mark Orazem (PI), Bernard Biney (PhD), Yunhan Chuai (PhD), Kelsey Sinclair (PhD), Brooke Erickson (UG) Advisor Mark E. OrazemDistinguished ProfessorAssociate Chair for Graduate StudiesWilliam [&hellip;]<\/p>\n","protected":false},"author":468,"featured_media":1817,"parent":22,"menu_order":3,"comment_status":"closed","ping_status":"closed","template":"page-templates\/page-section-nav.php","meta":{"_acf_changed":false,"inline_featured_image":false,"featured_post":"","footnotes":"","_links_to":"","_links_to_target":""},"class_list":["post-1066","page","type-page","status-publish","has-post-thumbnail","hentry"],"acf":[],"_links":{"self":[{"href":"https:\/\/faculty.eng.ufl.edu\/orazem\/wp-json\/wp\/v2\/pages\/1066","targetHints":{"allow":["GET"]}}],"collection":[{"href":"https:\/\/faculty.eng.ufl.edu\/orazem\/wp-json\/wp\/v2\/pages"}],"about":[{"href":"https:\/\/faculty.eng.ufl.edu\/orazem\/wp-json\/wp\/v2\/types\/page"}],"author":[{"embeddable":true,"href":"https:\/\/faculty.eng.ufl.edu\/orazem\/wp-json\/wp\/v2\/users\/468"}],"replies":[{"embeddable":true,"href":"https:\/\/faculty.eng.ufl.edu\/orazem\/wp-json\/wp\/v2\/comments?post=1066"}],"version-history":[{"count":20,"href":"https:\/\/faculty.eng.ufl.edu\/orazem\/wp-json\/wp\/v2\/pages\/1066\/revisions"}],"predecessor-version":[{"id":3107,"href":"https:\/\/faculty.eng.ufl.edu\/orazem\/wp-json\/wp\/v2\/pages\/1066\/revisions\/3107"}],"up":[{"embeddable":true,"href":"https:\/\/faculty.eng.ufl.edu\/orazem\/wp-json\/wp\/v2\/pages\/22"}],"wp:featuredmedia":[{"embeddable":true,"href":"https:\/\/faculty.eng.ufl.edu\/orazem\/wp-json\/wp\/v2\/media\/1817"}],"wp:attachment":[{"href":"https:\/\/faculty.eng.ufl.edu\/orazem\/wp-json\/wp\/v2\/media?parent=1066"}],"curies":[{"name":"wp","href":"https:\/\/api.w.org\/{rel}","templated":true}]}}