{"id":11,"date":"2015-11-03T15:53:38","date_gmt":"2015-11-03T20:53:38","guid":{"rendered":"https:\/\/test.eng.ufl.edu\/faculty-site\/?page_id=11"},"modified":"2026-01-08T20:48:27","modified_gmt":"2026-01-08T20:48:27","slug":"publications","status":"publish","type":"page","link":"https:\/\/faculty.eng.ufl.edu\/ktoddbrown\/publications\/","title":{"rendered":"Publications"},"content":{"rendered":"<h3>Journal Articles<\/h3>\n<ol>\n<li>Luk Y. , Todd-Brown K., Eagle, M., A. P. McNichol, J. Sanderman, K. Gosselin, A. C. Spivak, Soil organic carbon development and turnover in natural and disturbed salt marsh environments.\u00a0<em>Geophysical Research Letters<\/em>. <a href=\"https:\/\/doi.org\/10.1029\/2020GL090287\">https:\/\/doi.org\/10.1029\/2020GL090287<\/a>\u00a02021.<\/li>\n<li class=\"p4\">Evans, S, Todd-Brown, K, Jacobson, K, Jacobson, P. Non-rainfall moisture: A key driver of microbial respiration from standing litter in arid, semiarid, and mesic grasslands. <em>Ecosystems<\/em>. <a href=\"https:\/\/doi.org\/10.1007\/s10021-019-00461-y\"><span class=\"s2\">https:\/\/doi.org\/10.1007\/s10021-019-00461-y<\/span><\/a> 2020<\/li>\n<li class=\"p4\">Lawrence, C R, Beem-Miller, J, Hoyt, A M, Monroe, G, Sierra, C A, Stoner, S, Heckman, K, Blankinship, J C, Crow, S E, McNicol, G, Trumbore, S, Levine, P A, Vindu\u0161kov\u00e1, O, Todd-Brown, K, Rasmussen, C, Hicks Pries, C E, Sch\u00e4del, C, McFarlane, K, Doetterl, S, Hatt\u00e9, C, He, Y, Treat, C, Harden, J W, Torn, M S, Estop-Aragon\u00e9s, C, Asefaw Berhe, A, Keiluweit, M, Marin-Spiotta, E, Plante, A F, Thomson, A, Schimel, J P, Vaughn, L J S, Wagai, R. An open source database for the synthesis of soil radiocarbon data: ISRaD version 1.0. Earth Syst. Sci. Data. <a href=\"https:\/\/doi.org\/10.5194\/essd-12-61-2020\"><span class=\"s2\">https:\/\/doi.org\/10.5194\/essd-12-61-2020<\/span><\/a> 2020<\/li>\n<li class=\"p4\">Yan Z, Bond-Lamberty B, Todd-Brown K E, Liu, Y, Bailey V, Li S, Liu C, Liu C. A Moisture function of soil heterotrophic respiration derived from pore-scale mechanisms. Nature Communications. <a href=\"https:\/\/doi.org\/10.1038\/s41467-018-04971-6\">https:\/\/doi.org\/10.1038\/s41467-018-04971-6<\/a>. 2018<\/li>\n<li class=\"p4\">Todd-Brown K E O, Zheng B, Crowther T W. Field-warmed soil carbon changes imply high 21st century model uncertainty. Biogeosciences. <a href=\"https:\/\/doi.org\/10.5194\/bg-2018-72\">https:\/\/doi.org\/10.5194\/bg-2018-72<\/a>. 2018.<\/li>\n<li class=\"p4\">Bailey V, Bond-Lamberty B, DeAngelis K, Grandy A, Hawkes C, Heckman K, Lajtha K, Phillips R, Sulman B, Todd-Brown K, Wallenstein W. Soil carbon cycling proxies: Understanding their critical role in predicting climate change feedbacks. Global Change Biology.<span class=\"Apple-converted-space\">\u00a0 <\/span><span class=\"s1\">[<\/span>https:\/\/doi.org\/10.1111\/gcb.13926<span class=\"s1\">](<\/span><span class=\"s2\">https:\/\/doi.org\/10.1111\/gcb.13926<\/span><span class=\"s1\">)<\/span>. 2017<\/li>\n<li class=\"p4\">Harden J W, Hugelius G, Ahlstr\u00f6m A, Blankinship J C, Bond-Lamberty B, Lawrence C, Loisel J, Malhotra A, Jackson R B, Ogle S, Phillips C, Ryals R, Todd-Brown K, Vargas R, Vergara S E, Cotrufo M F, Keiluweit M, Heckman K A, Crow S E, Silver W L, DeLonge M, and Nave L. Pathways for the science community to characterize the state, vulnerabilities, and management opportunities of soil organic matter. Global Change Biology. <span class=\"s1\">[<\/span>https:\/\/doi.org\/10.1111\/gcb.13896<span class=\"s1\">](<\/span><span class=\"s2\">https:\/\/doi.org\/10.1111\/gcb.13896<\/span><span class=\"s1\">)<\/span>. 2017<\/li>\n<li class=\"p4\">Luo Y, Shi Z, Lu C, Xia J, Liang J, Jiang J, Wang Y, KC M, Smith M J, Jiang L, Ahlstr\u00f6m A, Chen B, Hararuk O, Hastings A, Hoffman F, Medlyn B, Niu S, Rasmussen M, Todd-Brown K, Wang Y-P. A theory on terrestrial carbon storage dynamics and its applications. Biogeosciences. <span class=\"s1\">[<\/span>https:\/\/doi.org\/10.5194\/bg-14-145-2017<span class=\"s1\">](<\/span><span class=\"s2\">https:\/\/doi.org\/10.5194\/bg-14-145-2017<\/span><span class=\"s1\">)<\/span>. 2017.<\/li>\n<li class=\"p4\">Crowther, T W, Todd-Brown, K E O, Rowe, C W, Wieder, W R, Carey, J C, Machmuller, M B, Snoek, L B, Fang, S, Zhou, G, Allison, S D, Blair, J M, Bridgham, S D, Burton, A J, Carrillo, Y, Clark, J S, Classen, A T, Dijkstra, F A, Elberling, B, Emmett, B, Estiarte, M, Frey, S D, Guo, J, Harte, J, Jiang, L, Johnson, B R, Kr\u00f6el-Dulay, G, Larsen, K S, Laudon, H, Lavallee, J M, Luo, Y, Lupascu, M, Ma, L N, Marhan, S, Michelsen, A, Mohan, J, Niu, S, Pendall, E, Pe\u00f1uelas, J, Pfeifer-Meister, L, Poll, C, Reinsch, S, Reynolds, L L, Schmidt, I K, Sistla, S, Sokol, N W, Templer, P H, Treseder, K K, Welker, J M, Reich, P, Bradford, M A. Quantifying global soil carbon losses in response to warming. Nature. <span class=\"s1\">[<\/span>https:\/\/doi.org\/10.1038\/nature20150<span class=\"s1\">](<\/span><span class=\"s2\">https:\/\/doi.org\/10.1038\/nature20150<\/span><span class=\"s1\">)<\/span>. 2016.<\/li>\n<li class=\"p4\">Yan Z, Liu C, Todd-Brown K E, Liu, Y, Bond-Lamberty, B, Bailey, V L. Pore-scale investigation on the response of heterotrophic respiration to moisture conditions in heterogeneous soils. Biogeochemistry. <span class=\"s1\">[<\/span>https:\/\/doi.org\/10.1007\/s10533-016-0270-0<span class=\"s1\">](<\/span><span class=\"s2\">https:\/\/doi.org\/10.1007\/s10533-016-0270-0<\/span><span class=\"s1\">)<\/span>. 2016.<\/li>\n<li class=\"p4\">Phillips C L, Bond-Lamberty B, Desai A, Lavoie M, Risk D, Tang J, Todd-Brown K, Vargas R. Soil respiration measurements are under-utilized for interpreting and modeling terrestrial carbon cycling. Plant and Soil. <span class=\"s1\">[<\/span>https:\/\/doi.org\/10.1007\/s11104-016-3084-x<span class=\"s1\">](<\/span><span class=\"s2\">https:\/\/doi.org\/10.1007\/s11104-016-3084-x<\/span><span class=\"s1\">)<\/span>. 2016.<\/li>\n<li class=\"p4\">Rasmussen, M, Hastings, A, Smith, M, Agusto, F, Chen-Charpentier B, Hoffman, F, Jiang, J, Todd-Brown, K, Wang, Y, Wang, Y P, Luo Y Q. Transit times and mean ages for nonautonomous and autonomous compartmental systems. Journal of Mathematical Biology. <span class=\"s1\">[<\/span>https:\/\/doi.org\/10.1007\/s00285-016-0990-8<span class=\"s1\">](<\/span><span class=\"s2\">https:\/\/doi.org\/10.1007\/s00285-016-0990-8<\/span><span class=\"s1\">)<\/span>. 2016.<\/li>\n<li class=\"p4\">Wang, Y P, Jiang, J, Chen-Charpentier, Agusto, F B, Hastings, A, Hoffman, F, Rasmussen, M, Smith, M J, Todd-Brown, K, Wang, Y, Xu, X, Luo, Y Q. Responses of two nonlinear microbial models to warming and carbon input. Biogeosciences. <span class=\"s1\">[<\/span>https:\/\/doi.org\/10.5194\/bg-13-887-2016<span class=\"s1\">](<\/span><span class=\"s2\">https:\/\/doi.org\/10.5194\/bg-13-887-2016<\/span><span class=\"s1\">)<\/span>. 2016.<\/li>\n<li class=\"p4\">Luo, Y, Ahlstr\u00f6m, A, Allison, S D, Batjes, N H, Brovkin, V, Carvalhais, N, Chappell, A, Ciais, P, Davidson, E A, Finzi, A, Georgiou, K, Guenet, B, Hararuk, O, Harden, J W, He, Y, Hopkins, F, Jiang, L, Koven, C, Jackson, R B, Jones, C D, Lara, M J, Liang, J, McGuire, A D, Parton, W, Peng, C, Randerson, J T, Salazar, A, Sierra, C A, Smith, M J, Tian, H, Todd-Brown, K E O, Torn, M, van Groenigen, K J, Wang, Y P, West, T O, Wei, Y, Wieder, W R, Xia, J, Xu, X, Xu, X and Zhou, T. Towards more realistic projections of soil carbon dynamics by Earth system models. Global Biogeochemical Cycles, <span class=\"s1\">[<\/span>https:\/\/doi.org\/10.1002\/2015GB005239<span class=\"s1\">](<\/span><span class=\"s2\">https:\/\/doi.org\/10.1002\/2015GB005239<\/span><span class=\"s1\">)<\/span>. 2015.<\/li>\n<li class=\"p4\">Wieder, W, Allison, S, Davidson, E, Geogiou, K, Hararuk, O, He, Y, Hopkins, F, Luo, Y, Smith, M, Sulman, B, Todd-Brown, K, Wang, Y, Xia, J, Xu, X. Explicitly representing soil microbial processes in Earth system models. Global Biogeochemical Cycles, <span class=\"s1\">[<\/span>https:\/\/doi.org\/10.1002\/2015GB005188<span class=\"s1\">](<\/span><span class=\"s2\">https:\/\/doi.org\/10.1002\/2015GB005188<\/span><span class=\"s1\">)<\/span>. 2015.<\/li>\n<li class=\"p4\">Goll, D S, Brovkin, V, Liski, J, Raddatz, T, Thum, T, Todd-Brown, K E O. Strong dependency of CO2 emissions from anthropogenic land cover change on soil parameterization and initial land cover. Global Biogeochemical Cycles, <span class=\"s1\">[<\/span>https:\/\/doi.org\/10.1002\/2014GB004988<span class=\"s1\">](<\/span><span class=\"s2\">https:\/\/doi.org\/10.1002\/2014GB004988<\/span><span class=\"s1\">)<\/span>. 2015.<\/li>\n<li class=\"p4\">Wieder, W, Cleveland, C, Smith, W, Todd-Brown, K. Future productivity and carbon storage limited by terrestrial nutrient availability. Nature Geoscience, <span class=\"s1\">[<\/span>https:\/\/doi.org\/10.1038\/ngeo2413<span class=\"s1\">](<\/span><span class=\"s2\">https:\/\/doi.org\/10.1038\/ngeo2413<\/span><span class=\"s1\">)<\/span>. 2015.\n<ul>\n<li class=\"p4\">Wieder, W, Cleveland, C, Smith, W, and Todd-Brown, K: Reply to \u201cLand unlikely to become large carbon source,\u201d Nature Geoscience, <span class=\"s1\">[<\/span>https:\/\/doi.org\/10.1038\/ngeo2606<span class=\"s1\">](<\/span><span class=\"s2\">https:\/\/doi.org\/10.1038\/ngeo2606<\/span><span class=\"s1\">)<\/span>. 2015.<\/li>\n<\/ul>\n<\/li>\n<li class=\"p4\">Todd-Brown, K E O, Randerson, J T, Hopkins, F, Arora, V, Hajima, T, Jones, C, Shevliakova, E, Tjiputra, J, Volodin, E, Wu, T, Zhang, Q, and Allison, S D. Changes in soil organic carbon storage predicted by Earth system models during the 21st century. Biogeosciences, 11, 2341-2356, <span class=\"s1\">[<\/span>https:\/\/doi.org\/10.5194\/bg-11-2341-2014<span class=\"s1\">](<\/span><span class=\"s2\">https:\/\/doi.org\/10.5194\/bg-11-2341-2014<\/span><span class=\"s1\">)<\/span>, 2014.<\/li>\n<li class=\"p4\">Todd-Brown, K E O, Randerson, J T, Post, W M, Hoffman, F M, Tarnocai, C, Schuur, E A G, and Allison, S D: Causes of variation in soil carbon simulations from CMIP5 Earth system models and comparison with observations, Biogeosciences, 10, 1717\u20131736, <span class=\"s1\">[<\/span>https:\/\/doi.org\/10.5194\/bg-10-1717-2013<span class=\"s1\">](<\/span><span class=\"s2\">https:\/\/doi.org\/10.5194\/bg-10-1717-2013<\/span><span class=\"s1\">)<\/span>, 2013.<\/li>\n<li class=\"p4\">Todd-Brown, K E O, Hopkins, F M, Kivlin, S N, Talbot, J M, and Allison, S D: A framework for representing microbial decomposition in coupled climate models, Biogeochemistry, 109, 19\u201333, <span class=\"s1\">[<\/span>https:\/\/doi.org\/10.1007\/s10533-011-9635-6<span class=\"s1\">](<\/span><span class=\"s2\">https:\/\/doi.org\/10.1007\/s10533-011-9635-6<\/span><span class=\"s1\">)<\/span>, 2012.<\/li>\n<li class=\"p4\">Sklar, P, Smoller, J W, Fan, J, Ferreira, M A R, Perlis, R H, Chambert, K, Nimgaonkar, V L, McQueen, M B, Faraone, S V, Kirby, A, de Bakker, P I W,<span class=\"Apple-converted-space\">\u00a0 <\/span>Ogdie, M, Thase, M, Sachs, G, Todd-Brown, K, Gabriel, S, Sougnez, C, Gates, C, Blumenstiel, B, Defelice, M, Ardlie, K, Franklin, J, Muir, W, McGhee, K, Macintyre, D, McLean, A, Vanbeck, M, McQuillin, A, Bass, N, Robinson, M, Lawrence, J, Anjorin, A, Curtis, D, Scolnick, E, Daly, M, Blackwood, D, Gurling, and H, Purcell, S: Whole-genome association study of bipolar disorder, Molecular Psychiatry, 13(6), 558\u2013569, <span class=\"s1\">[<\/span>https:\/\/doi.org\/10.1038\/sj.mp.4002151<span class=\"s1\">](<\/span><span class=\"s2\">https:\/\/doi.org\/10.1038\/sj.mp.4002151<\/span><span class=\"s1\">)<\/span>, 2008.<\/li>\n<li class=\"p4\">Purcell, S, Neale, B, Todd-Brown, K, Thomas, L, Ferreira, M A R, Bender, D, Maller, J, Sklar, P, de Bakker, P I W, Daly, M J, and Sham, P C: PLINK: A Tool Set for Whole-Genome Association and Population-Based Linkage Analyses, American Journal of Human Genetics, 81(3), 559\u2013575, <span class=\"s1\">[<\/span>https:\/\/doi.org\/10.1086\/519795<span class=\"s1\">](<\/span><span class=\"s2\">https:\/\/doi.org\/10.1086\/519795<\/span><span class=\"s1\">)<\/span>, 2007.<\/li>\n<\/ol>\n<h3>Chapters and reports<\/h3>\n<ol>\n<li class=\"li1\"><span class=\"s1\">Tang J, Bradford M A, Carey J, Crowther T W Machmuller M B, Mohan J E, Todd-Brown K. Chapter 8 &#8211; Temperature sensitivity of soil carbon, Ecosystem Consequences of Soil warming [Mohan J E (ed)]. Academic Press. pp 175-208. <a href=\"https:\/\/doi.org\/10.1016\/B978-0-12-813493-1.00009-0\"><span class=\"s2\">https:\/\/doi.org\/10.1016\/B978-0-12-813493-1.00009-0<\/span><\/a> 2019<\/span><\/li>\n<li>Lajtha, K, Bailey V L, McFarlane K, Paustian K, Bachelet D, Abramoff R, Angers D, Billings S A, Cerkowniak D, Dialynas Y G, Finzi A, French N H F, Frey S, Gurwick N P, Harden J, Johnson J M F, Johnson K, Lehmann J, Liu S, McConkey B, Mishra U, Ollinger S, Par\u00e9 D, Paz Pellat F, deB. Richter D, Schaeffer S M, Schimel J, Shaw C, Tang J, Todd-Brown K, Trettin C, Waldrop M, Whitman T, and Wickland K. Chapter 12: Soils. In\u00a0Second State of the Carbon Cycle Report (SOCCR2): A Sustained Assessment Report. [Cavallaro, N, Shrestha G, Birdsey R, Mayes M A, Najjar R G, Reed S C, Romero-Lankao P, and Zhu Z (eds.)]. U.S. Global Change Research Program, Washington, DC, USA, pp. 469-506, <span class=\"s1\">[<\/span>https:\/\/doi.org\/10.7930\/SOCCR2.2018.Ch12<span class=\"s1\">](<\/span><span class=\"s2\">https:\/\/doi.org\/10.7930\/SOCCR2.2018.Ch12<\/span><span class=\"s1\">)<\/span>. 2018<\/li>\n<\/ol>\n<h3>\u00a0<\/h3>\n","protected":false},"excerpt":{"rendered":"<p>Journal Articles Luk Y. , Todd-Brown K., Eagle, M., A. P. McNichol, J. Sanderman, K. Gosselin, A. C. Spivak, Soil organic carbon development and turnover in natural and disturbed salt marsh environments.\u00a0Geophysical Research Letters. https:\/\/doi.org\/10.1029\/2020GL090287\u00a02021. Evans, S, Todd-Brown, K, Jacobson, K, Jacobson, P. Non-rainfall moisture: A key driver of microbial respiration from standing litter in [&hellip;]<\/p>\n","protected":false},"author":364,"featured_media":0,"parent":0,"menu_order":5,"comment_status":"closed","ping_status":"closed","template":"page-templates\/page-sidebar-none.php","meta":{"_acf_changed":false,"inline_featured_image":false,"featured_post":"","footnotes":"","_links_to":"","_links_to_target":""},"class_list":["post-11","page","type-page","status-publish","hentry"],"acf":[],"_links":{"self":[{"href":"https:\/\/faculty.eng.ufl.edu\/ktoddbrown\/wp-json\/wp\/v2\/pages\/11","targetHints":{"allow":["GET"]}}],"collection":[{"href":"https:\/\/faculty.eng.ufl.edu\/ktoddbrown\/wp-json\/wp\/v2\/pages"}],"about":[{"href":"https:\/\/faculty.eng.ufl.edu\/ktoddbrown\/wp-json\/wp\/v2\/types\/page"}],"author":[{"embeddable":true,"href":"https:\/\/faculty.eng.ufl.edu\/ktoddbrown\/wp-json\/wp\/v2\/users\/364"}],"replies":[{"embeddable":true,"href":"https:\/\/faculty.eng.ufl.edu\/ktoddbrown\/wp-json\/wp\/v2\/comments?post=11"}],"version-history":[{"count":3,"href":"https:\/\/faculty.eng.ufl.edu\/ktoddbrown\/wp-json\/wp\/v2\/pages\/11\/revisions"}],"predecessor-version":[{"id":370,"href":"https:\/\/faculty.eng.ufl.edu\/ktoddbrown\/wp-json\/wp\/v2\/pages\/11\/revisions\/370"}],"wp:attachment":[{"href":"https:\/\/faculty.eng.ufl.edu\/ktoddbrown\/wp-json\/wp\/v2\/media?parent=11"}],"curies":[{"name":"wp","href":"https:\/\/api.w.org\/{rel}","templated":true}]}}