{"id":31,"date":"2015-11-03T16:07:16","date_gmt":"2015-11-03T21:07:16","guid":{"rendered":"https:\/\/test.eng.ufl.edu\/faculty-site\/?page_id=31"},"modified":"2025-12-18T16:23:39","modified_gmt":"2025-12-18T16:23:39","slug":"bio","status":"publish","type":"page","link":"https:\/\/faculty.eng.ufl.edu\/benoit-revil-baudard\/","title":{"rendered":"Bio"},"content":{"rendered":"<h3>Education<\/h3>\n<ul>\n<li>Phd in Mechanical Engineering, Ecole Nationale Sup\u00e9rieure des Mines de Paris, France<\/li>\n<li>MS\/BS in Mechanical Engineering (Ing\u00e9nieur dipl\u00f4m\u00e9), Institut National des Sciences Appliqu\u00e9es de Lyon, France<\/li>\n<\/ul>\n<h3>Research Interests<\/h3>\n<ul>\n<li>Solids Mechanics<\/li>\n<li>Computational Mechanics<\/li>\n<li>Ductile in Solids Materials<\/li>\n<li>Metal Forming<\/li>\n<li>Modeling and simulation of Energetic Materials<\/li>\n<li>Modeling and simulation of Geological Materials<\/li>\n<li>Dynamic Behavior of Materials, Impact and Penetration<\/li>\n<li>Thermo-mechanical\u00a0characterization of metallic materials\u200b<\/li>\n<\/ul>\n<h3>\u00a0<\/h3>\n<h3>Contact<\/h3>\n<p>Benoit Revil-Baudard<br \/>\nDept. Mechanical and Aerospace Engineering<br \/>\nResearch and Engineering Education Facilities (REEF)<br \/>\n1350 N Poquito Rd<br \/>\nShalimar, FL 32579\u00a0<br \/>\n<a href=\"mailto:revil@ufl.edu\">revil@ufl.edu<\/a><br \/>\n850-833-9350 (243)<\/p>\n<p>&nbsp;<\/p>\n","protected":false},"excerpt":{"rendered":"<p>Education Phd in Mechanical Engineering, Ecole Nationale Sup\u00e9rieure des Mines de Paris, France MS\/BS in Mechanical Engineering (Ing\u00e9nieur dipl\u00f4m\u00e9), Institut National des Sciences Appliqu\u00e9es de Lyon, France Research Interests Solids Mechanics Computational Mechanics Ductile in Solids Materials Metal Forming Modeling and simulation of Energetic Materials Modeling and simulation of Geological Materials Dynamic Behavior of Materials, [&hellip;]<\/p>\n","protected":false},"author":448,"featured_media":0,"parent":0,"menu_order":1,"comment_status":"closed","ping_status":"closed","template":"page-templates\/page-sidebar-none.php","meta":{"_acf_changed":false,"inline_featured_image":false,"featured_post":"","footnotes":"","_links_to":"","_links_to_target":""},"class_list":["post-31","page","type-page","status-publish","hentry"],"acf":[],"_links":{"self":[{"href":"https:\/\/faculty.eng.ufl.edu\/benoit-revil-baudard\/wp-json\/wp\/v2\/pages\/31","targetHints":{"allow":["GET"]}}],"collection":[{"href":"https:\/\/faculty.eng.ufl.edu\/benoit-revil-baudard\/wp-json\/wp\/v2\/pages"}],"about":[{"href":"https:\/\/faculty.eng.ufl.edu\/benoit-revil-baudard\/wp-json\/wp\/v2\/types\/page"}],"author":[{"embeddable":true,"href":"https:\/\/faculty.eng.ufl.edu\/benoit-revil-baudard\/wp-json\/wp\/v2\/users\/448"}],"replies":[{"embeddable":true,"href":"https:\/\/faculty.eng.ufl.edu\/benoit-revil-baudard\/wp-json\/wp\/v2\/comments?post=31"}],"version-history":[{"count":3,"href":"https:\/\/faculty.eng.ufl.edu\/benoit-revil-baudard\/wp-json\/wp\/v2\/pages\/31\/revisions"}],"predecessor-version":[{"id":322,"href":"https:\/\/faculty.eng.ufl.edu\/benoit-revil-baudard\/wp-json\/wp\/v2\/pages\/31\/revisions\/322"}],"wp:attachment":[{"href":"https:\/\/faculty.eng.ufl.edu\/benoit-revil-baudard\/wp-json\/wp\/v2\/media?parent=31"}],"curies":[{"name":"wp","href":"https:\/\/api.w.org\/{rel}","templated":true}]}}