{"id":43571,"date":"2025-03-17T09:13:24","date_gmt":"2025-03-17T14:13:24","guid":{"rendered":"https:\/\/faculty.eng.ufl.edu\/amini\/?page_id=43571"},"modified":"2026-03-25T13:52:09","modified_gmt":"2026-03-25T18:52:09","slug":"dr-amini","status":"publish","type":"page","link":"https:\/\/faculty.eng.ufl.edu\/amini\/","title":{"rendered":"Dr. Hamed Amini"},"content":{"rendered":"<div class=\"wp-block-image\">\n<figure class=\"alignleft size-full\"><img loading=\"lazy\" decoding=\"async\" width=\"300\" height=\"300\" src=\"https:\/\/faculty.eng.ufl.edu\/amini\/wp-content\/uploads\/sites\/613\/2025\/03\/Hamed-Amini.jpg\" alt=\"Headshot of Hamed Amini\" class=\"wp-image-43573\" srcset=\"https:\/\/faculty.eng.ufl.edu\/amini\/wp-content\/uploads\/sites\/613\/2025\/03\/Hamed-Amini.jpg 300w, https:\/\/faculty.eng.ufl.edu\/amini\/wp-content\/uploads\/sites\/613\/2025\/03\/Hamed-Amini-150x150.jpg 150w\" sizes=\"auto, (max-width: 300px) 100vw, 300px\" \/><\/figure>\n<\/div>\n\n\n<p><strong>Associate Professor<\/strong><br><strong>Department of Industrial &amp; Systems Engineering at the University of Florida<\/strong><\/p>\n\n\n\n<p><strong>Associate<\/strong> <strong>Director<\/strong>,&nbsp;<a href=\"https:\/\/ise.ufl.edu\/cao\/\">Center for Applied Optimization (CAO)<\/a><\/p>\n\n\n\n<p><a href=\"mailto:aminil@ise.ufl.edu\">aminil@ise.ufl.edu<\/a>  <br><strong>Office<\/strong>:&nbsp;Weil Hall 468<br><strong>Phone<\/strong>:&nbsp;(352) 392-1464<\/p>\n\n\n\n<p>Ph.D., \u00c9cole Normale Sup\u00e9rieure, 2011<\/p>\n\n\n\n<div style=\"height:10px\" aria-hidden=\"true\" class=\"wp-block-spacer\"><\/div>\n\n\n\n<p>Hamed Amini is an associate professor in the Industrial &amp; Systems Engineering department at the University of Florida. He holds a Ph.D. degree in Applied Mathematics from \u00c9cole Normale Sup\u00e9rieure-INRIA in Paris and an engineering degree (Dipl\u00f4me d\u2019Ing\u00e9nieur) from \u00c9cole Polytechnique. He was previously an associate professor in the College of Business at Georgia State University and an assistant professor in the mathematics department at the University of Miami. He serves on the editorial board of Mathematical Finance.<\/p>\n\n\n\n<figure class=\"wp-block-embed is-type-video is-provider-youtube wp-block-embed-youtube wp-embed-aspect-16-9 wp-has-aspect-ratio\"><div class=\"wp-block-embed__wrapper\">\n<iframe loading=\"lazy\" title=\"Hamed Amini UF ISE Faculty Bio\" width=\"1640\" height=\"923\" src=\"https:\/\/www.youtube.com\/embed\/mrpCG49lHsY?feature=oembed\" frameborder=\"0\" allow=\"accelerometer; autoplay; clipboard-write; encrypted-media; gyroscope; picture-in-picture; web-share\" referrerpolicy=\"strict-origin-when-cross-origin\" allowfullscreen><\/iframe>\n<\/div><\/figure>\n","protected":false},"excerpt":{"rendered":"<p>Associate ProfessorDepartment of Industrial &amp; Systems Engineering at the University of Florida Associate Director,&nbsp;Center for Applied Optimization (CAO) aminil@ise.ufl.edu Office:&nbsp;Weil Hall 468Phone:&nbsp;(352) 392-1464 Ph.D., \u00c9cole Normale Sup\u00e9rieure, 2011 Hamed Amini is an associate professor in the Industrial &amp; Systems Engineering department at the University of Florida. He holds a Ph.D. degree in Applied Mathematics from [&hellip;]<\/p>\n","protected":false},"author":468,"featured_media":0,"parent":0,"menu_order":0,"comment_status":"closed","ping_status":"closed","template":"page-templates\/page-sidebar-none.php","meta":{"_acf_changed":false,"inline_featured_image":false,"featured_post":"","footnotes":"","_links_to":"","_links_to_target":""},"class_list":["post-43571","page","type-page","status-publish","hentry"],"acf":[],"_links":{"self":[{"href":"https:\/\/faculty.eng.ufl.edu\/amini\/wp-json\/wp\/v2\/pages\/43571","targetHints":{"allow":["GET"]}}],"collection":[{"href":"https:\/\/faculty.eng.ufl.edu\/amini\/wp-json\/wp\/v2\/pages"}],"about":[{"href":"https:\/\/faculty.eng.ufl.edu\/amini\/wp-json\/wp\/v2\/types\/page"}],"author":[{"embeddable":true,"href":"https:\/\/faculty.eng.ufl.edu\/amini\/wp-json\/wp\/v2\/users\/468"}],"replies":[{"embeddable":true,"href":"https:\/\/faculty.eng.ufl.edu\/amini\/wp-json\/wp\/v2\/comments?post=43571"}],"version-history":[{"count":7,"href":"https:\/\/faculty.eng.ufl.edu\/amini\/wp-json\/wp\/v2\/pages\/43571\/revisions"}],"predecessor-version":[{"id":43695,"href":"https:\/\/faculty.eng.ufl.edu\/amini\/wp-json\/wp\/v2\/pages\/43571\/revisions\/43695"}],"wp:attachment":[{"href":"https:\/\/faculty.eng.ufl.edu\/amini\/wp-json\/wp\/v2\/media?parent=43571"}],"curies":[{"name":"wp","href":"https:\/\/api.w.org\/{rel}","templated":true}]}}