{"id":519,"date":"2018-09-24T18:06:37","date_gmt":"2018-09-24T18:06:37","guid":{"rendered":"https:\/\/www.ise.ufl.edu\/akcali\/staff\/"},"modified":"2024-09-25T11:36:57","modified_gmt":"2024-09-25T15:36:57","slug":"staff","status":"publish","type":"page","link":"https:\/\/faculty.eng.ufl.edu\/akcali\/staff\/","title":{"rendered":"Staff"},"content":{"rendered":"<div id=\"cn-top\" style=\"position: absolute; top: 0; right: 0;\"><\/div><div class=\"cn-list\" id=\"cn-list\" data-connections-version=\"10.4.66-0.7\"><div class=\"cn-template cn-gridder\" id=\"cn-gridder\" data-template-version=\"1.5\"><div class=\"cn-list-head\">\n\n<form class=\"cn-form\" id=\"cn-cat-select\" method=\"get\"><\/form><div class=\"cn-alphaindex\">\n <a class=\"cn-char\" title=\"G\" href=\"https:\/\/faculty.eng.ufl.edu\/akcali\/teaching\/students\/char\/G\/\">G<\/a>\n <a class=\"cn-char\" title=\"K\" href=\"https:\/\/faculty.eng.ufl.edu\/akcali\/teaching\/students\/char\/K\/\">K<\/a>\n <a class=\"cn-char\" title=\"L\" href=\"https:\/\/faculty.eng.ufl.edu\/akcali\/teaching\/students\/char\/L\/\">L<\/a>\n <a class=\"cn-char\" title=\"P\" href=\"https:\/\/faculty.eng.ufl.edu\/akcali\/teaching\/students\/char\/P\/\">P<\/a>\n <a class=\"cn-char\" title=\"S\" href=\"https:\/\/faculty.eng.ufl.edu\/akcali\/teaching\/students\/char\/S\/\">S<\/a>\n <a class=\"cn-char\" title=\"Y\" href=\"https:\/\/faculty.eng.ufl.edu\/akcali\/teaching\/students\/char\/Y\/\">Y<\/a>\n<\/div>\n<\/div>\n<div class=\"cn-list-body\" id=\"cn-list-body\">\n<div class=\"cn-list-row cn-list-item vcard individual doctoral-students cn-gridder-item\" id=\"alexandre-grasas-ph-d\" data-entry-type=\"individual\" data-entry-id=\"8\" data-entry-slug=\"alexandre-grasas-ph-d\"><div class=\"cn-gridder-thumb\" style=\"background-color: #f3f3f3; width: 300px; height: 300px;\">\n\t\n\t<span class=\"cn-image-style\" style=\"display: inline-block;\"><span class=\"cn-image-photo cn-image-none\" style=\"width: 300px; display: inline-block; padding-bottom: calc(300 \/ 300 * 100%);\"><span>No Photo Available<\/span><\/span><\/span>\n\n\t\n\t\t<span class=\"cn-gridder-overlay cn-gridder-overlay-static\" style=\"background-color: #f3f3f3; color: #000;\"><span class=\"fn n notranslate\"> <span class=\"given-name\">Alexandre<\/span> <span class=\"family-name\">Grasas, Ph.D.<\/span><\/span>\n\t\t<span class=\"cn-gridder-toggle cn-gridder-toggle-top-right\"><\/span>\t\t<\/span> <!-- END .cn-gridder-overlay -->\n\n\t\t\n\t\n<\/div> <!-- END .cn-gridder-thumb -->\n\n<div class=\"cn-gridder-content\" style=\"background-color: #f3f3f3; color: #000;\">\n\t\n\t<div class=\"cn-gridder-contact\">\n\n\t\t\n\t\t\n\t<\/div>\n\n\t<div class=\"cn-gridder-excerpt\">\n\n\t\t<div class=\"cn-excerpt\"><p><strong>Dissertation Title<\/strong>: Models FOR Assortment Planning under Product Returns, May 2009<\/p>\n<\/div>\n\n\t<\/div>\n\n\t\n\t\t<div class=\"cn-gridder-detail-link\">\n\n\t\t\t<a href=\"https:\/\/faculty.eng.ufl.edu\/akcali\/teaching\/students\/name\/alexandre-grasas-ph-d\/\">View Profile<\/a>\n\n\t\t<\/div>\n\n\t\n<\/div> <!-- END .cn-gridder-content -->\n\n<\/div>\n<div class=\"cn-list-row-alternate cn-list-item vcard individual doctoral-students cn-gridder-item\" id=\"ibrahim-karakayali-ph-d\" data-entry-type=\"individual\" data-entry-id=\"6\" data-entry-slug=\"ibrahim-karakayali-ph-d\"><div class=\"cn-gridder-thumb\" style=\"background-color: #f3f3f3; width: 300px; height: 300px;\">\n\t\n\t<span class=\"cn-image-style\" style=\"display: inline-block;\"><span class=\"cn-image-photo cn-image-none\" style=\"width: 300px; display: inline-block; padding-bottom: calc(300 \/ 300 * 100%);\"><span>No Photo Available<\/span><\/span><\/span>\n\n\t\n\t\t<span class=\"cn-gridder-overlay cn-gridder-overlay-static\" style=\"background-color: #f3f3f3; color: #000;\"><span class=\"fn n notranslate\"> <span class=\"given-name\">Ibrahim<\/span> <span class=\"family-name\">Karakayal\u0131, Ph.D.<\/span><\/span>\n\t\t<span class=\"cn-gridder-toggle cn-gridder-toggle-top-right\"><\/span>\t\t<\/span> <!-- END .cn-gridder-overlay -->\n\n\t\t\n\t\n<\/div> <!-- END .cn-gridder-thumb -->\n\n<div class=\"cn-gridder-content\" style=\"background-color: #f3f3f3; color: #000;\">\n\t\n\t<div class=\"cn-gridder-contact\">\n\n\t\t\n\t\t\n\t<\/div>\n\n\t<div class=\"cn-gridder-excerpt\">\n\n\t\t<div class=\"cn-excerpt\"><p><strong>Dissertation Title<\/strong>: Models and algorithms for operations planning in closed-loop supply chains, May 2009.<\/p>\n<\/div>\n\n\t<\/div>\n\n\t\n\t\t<div class=\"cn-gridder-detail-link\">\n\n\t\t\t<a href=\"https:\/\/faculty.eng.ufl.edu\/akcali\/teaching\/students\/name\/ibrahim-karakayali-ph-d\/\">View Profile<\/a>\n\n\t\t<\/div>\n\n\t\n<\/div> <!-- END .cn-gridder-content -->\n\n<\/div>\n<div class=\"cn-list-row cn-list-item vcard individual doctoral-students cn-gridder-item\" id=\"chin-i-lin-ph-d\" data-entry-type=\"individual\" data-entry-id=\"10\" data-entry-slug=\"chin-i-lin-ph-d\"><div class=\"cn-gridder-thumb\" style=\"background-color: #f3f3f3; width: 300px; height: 300px;\">\n\t\n\t<span class=\"cn-image-style\" style=\"display: inline-block;\"><span class=\"cn-image-photo cn-image-none\" style=\"width: 300px; display: inline-block; padding-bottom: calc(300 \/ 300 * 100%);\"><span>No Photo Available<\/span><\/span><\/span>\n\n\t\n\t\t<span class=\"cn-gridder-overlay cn-gridder-overlay-static\" style=\"background-color: #f3f3f3; color: #000;\"><span class=\"fn n notranslate\"> <span class=\"given-name\">Chin-I<\/span> <span class=\"family-name\">Lin, Ph.D<\/span><\/span>\n\t\t<span class=\"cn-gridder-toggle cn-gridder-toggle-top-right\"><\/span>\t\t<\/span> <!-- END .cn-gridder-overlay -->\n\n\t\t\n\t\n<\/div> <!-- END .cn-gridder-thumb -->\n\n<div class=\"cn-gridder-content\" style=\"background-color: #f3f3f3; color: #000;\">\n\t\n\t<div class=\"cn-gridder-contact\">\n\n\t\t\n\t\t\n\t<\/div>\n\n\t<div class=\"cn-gridder-excerpt\">\n\n\t\t<div class=\"cn-excerpt\"><p><strong>Dissertation Title<\/strong>: Optimization models for capacity planning in health care delivery, May 2008<\/p>\n<\/div>\n\n\t<\/div>\n\n\t\n\t\t<div class=\"cn-gridder-detail-link\">\n\n\t\t\t<a href=\"https:\/\/faculty.eng.ufl.edu\/akcali\/teaching\/students\/name\/chin-i-lin-ph-d\/\">View Profile<\/a>\n\n\t\t<\/div>\n\n\t\n<\/div> <!-- END .cn-gridder-content -->\n\n<\/div>\n<div class=\"cn-list-row-alternate cn-list-item vcard individual masters-students cn-gridder-item\" id=\"olga-perdikaki-m-s\" data-entry-type=\"individual\" data-entry-id=\"14\" data-entry-slug=\"olga-perdikaki-m-s\"><div class=\"cn-gridder-thumb\" style=\"background-color: #f3f3f3; width: 300px; height: 300px;\">\n\t\n\t<span class=\"cn-image-style\" style=\"display: inline-block;\"><span class=\"cn-image-photo cn-image-none\" style=\"width: 300px; display: inline-block; padding-bottom: calc(300 \/ 300 * 100%);\"><span>No Photo Available<\/span><\/span><\/span>\n\n\t\n\t\t<span class=\"cn-gridder-overlay cn-gridder-overlay-static\" style=\"background-color: #f3f3f3; color: #000;\"><span class=\"fn n notranslate\"> <span class=\"given-name\">Olga<\/span> <span class=\"family-name\">Perdikaki, M.S.<\/span><\/span>\n\t\t<span class=\"cn-gridder-toggle cn-gridder-toggle-top-right\"><\/span>\t\t<\/span> <!-- END .cn-gridder-overlay -->\n\n\t\t\n\t\n<\/div> <!-- END .cn-gridder-thumb -->\n\n<div class=\"cn-gridder-content\" style=\"background-color: #f3f3f3; color: #000;\">\n\t\n\t<div class=\"cn-gridder-contact\">\n\n\t\t\n\t\t\n\t<\/div>\n\n\t<div class=\"cn-gridder-excerpt\">\n\n\t\t<div class=\"cn-excerpt\"><p><strong>Thesis Title<\/strong>: Modeling the work center design problems for thermal processes in semiconductor manufacturing, December 2003<\/p>\n<\/div>\n\n\t<\/div>\n\n\t\n\t\t<div class=\"cn-gridder-detail-link\">\n\n\t\t\t<a href=\"https:\/\/faculty.eng.ufl.edu\/akcali\/teaching\/students\/name\/olga-perdikaki-m-s\/\">View Profile<\/a>\n\n\t\t<\/div>\n\n\t\n<\/div> <!-- END .cn-gridder-content -->\n\n<\/div>\n<div class=\"cn-list-row cn-list-item vcard individual masters-students cn-gridder-item\" id=\"andrew-singley-m-s\" data-entry-type=\"individual\" data-entry-id=\"4\" data-entry-slug=\"andrew-singley-m-s\"><div class=\"cn-gridder-thumb\" style=\"background-color: #f3f3f3; width: 300px; height: 300px;\">\n\t\n\t<span class=\"cn-image-style\" style=\"display: inline-block;\"><span class=\"cn-image-photo cn-image-none\" style=\"width: 300px; display: inline-block; padding-bottom: calc(300 \/ 300 * 100%);\"><span>No Photo Available<\/span><\/span><\/span>\n\n\t\n\t\t<span class=\"cn-gridder-overlay cn-gridder-overlay-static\" style=\"background-color: #f3f3f3; color: #000;\"><span class=\"fn n notranslate\"> <span class=\"given-name\">Andrew<\/span> <span class=\"family-name\">Singley, M.S.<\/span><\/span>\n\t\t<span class=\"cn-gridder-toggle cn-gridder-toggle-top-right\"><\/span>\t\t<\/span> <!-- END .cn-gridder-overlay -->\n\n\t\t\n\t\n<\/div> <!-- END .cn-gridder-thumb -->\n\n<div class=\"cn-gridder-content\" style=\"background-color: #f3f3f3; color: #000;\">\n\t\n\t<div class=\"cn-gridder-contact\">\n\n\t\t\n\t\t\n\t<\/div>\n\n\t<div class=\"cn-gridder-excerpt\">\n\n\t\t<div class=\"cn-excerpt\"><p><strong>Thesis Title<\/strong>: Heuristics for solving the MASTERMIND\u00a9 problem, May 2005<\/p>\n<\/div>\n\n\t<\/div>\n\n\t\n\t\t<div class=\"cn-gridder-detail-link\">\n\n\t\t\t<a href=\"https:\/\/faculty.eng.ufl.edu\/akcali\/teaching\/students\/name\/andrew-singley-m-s\/\">View Profile<\/a>\n\n\t\t<\/div>\n\n\t\n<\/div> <!-- END .cn-gridder-content -->\n\n<\/div>\n<div class=\"cn-list-row-alternate cn-list-item vcard individual doctoral-students cn-gridder-item\" id=\"gonca-yildirim-ph-d\" data-entry-type=\"individual\" data-entry-id=\"2\" data-entry-slug=\"gonca-yildirim-ph-d\"><div class=\"cn-gridder-thumb\" style=\"background-color: #f3f3f3; width: 300px; height: 300px;\">\n\t\n\t<span class=\"cn-image-style\" style=\"display: inline-block;\"><span class=\"cn-image-photo cn-image-none\" style=\"width: 300px; display: inline-block; padding-bottom: calc(300 \/ 300 * 100%);\"><span>No Photo Available<\/span><\/span><\/span>\n\n\t\n\t\t<span class=\"cn-gridder-overlay cn-gridder-overlay-static\" style=\"background-color: #f3f3f3; color: #000;\"><span class=\"fn n notranslate\"> <span class=\"given-name\">Gonca<\/span> <span class=\"family-name\">Y\u0131ld\u0131r\u0131m, Ph.D.<\/span><\/span>\n\t\t<span class=\"cn-gridder-toggle cn-gridder-toggle-top-right\"><\/span>\t\t<\/span> <!-- END .cn-gridder-overlay -->\n\n\t\t\n\t\n<\/div> <!-- END .cn-gridder-thumb -->\n\n<div class=\"cn-gridder-content\" style=\"background-color: #f3f3f3; color: #000;\">\n\t\n\t<div class=\"cn-gridder-contact\">\n\n\t\t\n\t\t\n\t<\/div>\n\n\t<div class=\"cn-gridder-excerpt\">\n\n\t\t<div class=\"cn-excerpt\"><p><strong>Dissertation Title<\/strong>: To be determined, August 2012 (expected).<\/p>\n<\/div>\n\n\t<\/div>\n\n\t\n\t\t<div class=\"cn-gridder-detail-link\">\n\n\t\t\t<a href=\"https:\/\/faculty.eng.ufl.edu\/akcali\/teaching\/students\/name\/gonca-yildirim-ph-d\/\">View Profile<\/a>\n\n\t\t<\/div>\n\n\t\n<\/div> <!-- END .cn-gridder-content -->\n\n<\/div>\n<div class=\"cn-list-row cn-list-item vcard individual masters-students cn-gridder-item\" id=\"seviye-yoruk-doctorate\" data-entry-type=\"individual\" data-entry-id=\"12\" data-entry-slug=\"seviye-yoruk-doctorate\"><div class=\"cn-gridder-thumb\" style=\"background-color: #f3f3f3; width: 300px; height: 300px;\">\n\t\n\t<span class=\"cn-image-style\" style=\"display: inline-block;\"><span class=\"cn-image-photo cn-image-none\" style=\"width: 300px; display: inline-block; padding-bottom: calc(300 \/ 300 * 100%);\"><span>No Photo Available<\/span><\/span><\/span>\n\n\t\n\t\t<span class=\"cn-gridder-overlay cn-gridder-overlay-static\" style=\"background-color: #f3f3f3; color: #000;\"><span class=\"fn n notranslate\"> <span class=\"given-name\">Seviye<\/span> <span class=\"family-name\">Y\u00f6r\u00fck, Doctorate<\/span><\/span>\n\t\t<span class=\"cn-gridder-toggle cn-gridder-toggle-top-right\"><\/span>\t\t<\/span> <!-- END .cn-gridder-overlay -->\n\n\t\t\n\t\n<\/div> <!-- END .cn-gridder-thumb -->\n\n<div class=\"cn-gridder-content\" style=\"background-color: #f3f3f3; color: #000;\">\n\t\n\t<div class=\"cn-gridder-contact\">\n\n\t\t\n\t\t\n\t<\/div>\n\n\t<div class=\"cn-gridder-excerpt\">\n\n\t\t<div class=\"cn-excerpt\"><p><strong>Dissertation Title<\/strong>: Some strategic problems in remanufacturing and refurbishing, August 2004<\/p>\n<\/div>\n\n\t<\/div>\n\n\t\n\t\t<div class=\"cn-gridder-detail-link\">\n\n\t\t\t<a href=\"https:\/\/faculty.eng.ufl.edu\/akcali\/teaching\/students\/name\/seviye-yoruk-doctorate\/\">View Profile<\/a>\n\n\t\t<\/div>\n\n\t\n<\/div> <!-- END .cn-gridder-content -->\n\n<\/div>\n<\/div>\n<div class=\"cn-list-foot\">\n\n<\/div>\n\n<\/div>\n\n<\/div>","protected":false},"excerpt":{"rendered":"","protected":false},"author":1111,"featured_media":0,"parent":0,"menu_order":0,"comment_status":"closed","ping_status":"closed","template":"page-templates\/page-sidebar-none.php","meta":{"_acf_changed":false,"inline_featured_image":false,"_cbd_carousel_blocks":"[]","featured_post":"","footnotes":"","_links_to":"","_links_to_target":""},"class_list":["post-519","page","type-page","status-publish","hentry"],"acf":[],"_links":{"self":[{"href":"https:\/\/faculty.eng.ufl.edu\/akcali\/wp-json\/wp\/v2\/pages\/519","targetHints":{"allow":["GET"]}}],"collection":[{"href":"https:\/\/faculty.eng.ufl.edu\/akcali\/wp-json\/wp\/v2\/pages"}],"about":[{"href":"https:\/\/faculty.eng.ufl.edu\/akcali\/wp-json\/wp\/v2\/types\/page"}],"author":[{"embeddable":true,"href":"https:\/\/faculty.eng.ufl.edu\/akcali\/wp-json\/wp\/v2\/users\/1111"}],"replies":[{"embeddable":true,"href":"https:\/\/faculty.eng.ufl.edu\/akcali\/wp-json\/wp\/v2\/comments?post=519"}],"version-history":[{"count":2,"href":"https:\/\/faculty.eng.ufl.edu\/akcali\/wp-json\/wp\/v2\/pages\/519\/revisions"}],"predecessor-version":[{"id":822,"href":"https:\/\/faculty.eng.ufl.edu\/akcali\/wp-json\/wp\/v2\/pages\/519\/revisions\/822"}],"wp:attachment":[{"href":"https:\/\/faculty.eng.ufl.edu\/akcali\/wp-json\/wp\/v2\/media?parent=519"}],"curies":[{"name":"wp","href":"https:\/\/api.w.org\/{rel}","templated":true}]}}